{"id":10,"date":"2019-07-02T20:56:39","date_gmt":"2019-07-02T20:56:39","guid":{"rendered":"http:\/\/www.kniznidira.cz\/?page_id=10"},"modified":"2024-06-03T17:48:31","modified_gmt":"2024-06-03T17:48:31","slug":"10-2","status":"publish","type":"page","link":"https:\/\/www.kniznidira.cz\/?page_id=10","title":{"rendered":""},"content":{"rendered":"\n<figure class=\"wp-block-table is-style-stripes\"><table class=\"has-white-background-color has-background\"><tbody><tr><td>Pond\u011bl\u00ed<\/td><td>13:00 &#8211; 19:00<\/td><\/tr><tr><td>\u00dater\u00fd<\/td><td>13:00 &#8211; 19:00<\/td><\/tr><tr><td>St\u0159eda<\/td><td>13:00 &#8211; 19:00<\/td><\/tr><tr><td>\u010ctvrtek<\/td><td>13:00 &#8211; 19:00<\/td><\/tr><tr><td>P\u00e1tek<\/td><td>13:00 &#8211; 19:00<\/td><\/tr><tr><td>Sobota<\/td><td>Zav\u0159eno<\/td><\/tr><tr><td>Ned\u011ble<\/td><td>Zav\u0159eno<\/td><\/tr><\/tbody><\/table><\/figure>\n\n\n\n<p class=\"has-text-align-left has-white-background-color has-background has-small-font-size\" style=\"line-height:1.3\"><a href=\"https:\/\/goo.gl\/maps\/iwk76VC358bxUdYs5\" target=\"_blank\" rel=\"noreferrer noopener\">Kni\u017en\u00ed D\u00edra s.r.o.<\/a><br>Kr\u00e1sova 26<br>Praha 3<br>I\u010cO 08239819<br>Odpov\u011bdn\u00e1 osoba: Petr Font\u00e1n<\/p>\n\n\n\n<script src=\"https:\/\/static.elfsight.com\/platform\/platform.js\" data-use-service-core defer><\/script>\n<div class=\"elfsight-app-e3299131-7096-4c58-b491-5cde7208ea56\" data-elfsight-app-lazy><\/div>\n\n","protected":false},"excerpt":{"rendered":"<p>Pond\u011bl\u00ed 13:00 &#8211; 19:00 \u00dater\u00fd 13:00 &#8211; 19:00 St\u0159eda 13:00 &#8211; 19:00 \u010ctvrtek 13:00 &#8211; 19:00 P\u00e1tek 13:00 &#8211; 19:00 Sobota Zav\u0159eno Ned\u011ble Zav\u0159eno Kni\u017en\u00ed D\u00edra s.r.o.Kr\u00e1sova 26Praha 3I\u010cO 08239819Odpov\u011bdn\u00e1 osoba: Petr Font\u00e1n<\/p>\n<div class=\"read-more-wrapper\"><a  href=\"https:\/\/www.kniznidira.cz\/?page_id=10\" title=\"Read More\"> <span class=\"nobutton\"> [&hellip;] <\/span><\/a><\/div>\n","protected":false},"author":1,"featured_media":0,"parent":0,"menu_order":0,"comment_status":"closed","ping_status":"closed","template":"","meta":{"footnotes":""},"_links":{"self":[{"href":"https:\/\/www.kniznidira.cz\/index.php?rest_route=\/wp\/v2\/pages\/10"}],"collection":[{"href":"https:\/\/www.kniznidira.cz\/index.php?rest_route=\/wp\/v2\/pages"}],"about":[{"href":"https:\/\/www.kniznidira.cz\/index.php?rest_route=\/wp\/v2\/types\/page"}],"author":[{"embeddable":true,"href":"https:\/\/www.kniznidira.cz\/index.php?rest_route=\/wp\/v2\/users\/1"}],"replies":[{"embeddable":true,"href":"https:\/\/www.kniznidira.cz\/index.php?rest_route=%2Fwp%2Fv2%2Fcomments&post=10"}],"version-history":[{"count":7,"href":"https:\/\/www.kniznidira.cz\/index.php?rest_route=\/wp\/v2\/pages\/10\/revisions"}],"predecessor-version":[{"id":86,"href":"https:\/\/www.kniznidira.cz\/index.php?rest_route=\/wp\/v2\/pages\/10\/revisions\/86"}],"wp:attachment":[{"href":"https:\/\/www.kniznidira.cz\/index.php?rest_route=%2Fwp%2Fv2%2Fmedia&parent=10"}],"curies":[{"name":"wp","href":"https:\/\/api.w.org\/{rel}","templated":true}]}}